{"id":1841,"date":"2025-06-13T00:26:10","date_gmt":"2025-06-13T00:26:10","guid":{"rendered":"https:\/\/demo8.netwizarddesign.com.au\/tas\/?page_id=1841"},"modified":"2025-10-17T02:46:48","modified_gmt":"2025-10-17T02:46:48","slug":"insights","status":"publish","type":"page","link":"https:\/\/demo8.netwizarddesign.com.au\/tas\/insights\/","title":{"rendered":"Insights"},"content":{"rendered":"\t\t<div data-elementor-type=\"wp-page\" data-elementor-id=\"1841\" class=\"elementor elementor-1841\" data-elementor-post-type=\"page\">\n\t\t\t\t<div class=\"elementor-element elementor-element-d89c13b e-con-full e-flex e-con e-parent\" data-id=\"d89c13b\" data-element_type=\"container\" data-e-type=\"container\" data-settings=\"{&quot;background_background&quot;:&quot;classic&quot;}\">\n\t\t\t\t<\/div>\n\t\t<div class=\"elementor-element elementor-element-ba0f796 e-con-full e-flex e-con e-parent\" data-id=\"ba0f796\" data-element_type=\"container\" data-e-type=\"container\">\n\t\t<div class=\"elementor-element elementor-element-7f865eb e-con-full e-flex e-con e-child\" data-id=\"7f865eb\" data-element_type=\"container\" data-e-type=\"container\">\n\t\t\t\t<div class=\"elementor-element elementor-element-70b2f36 elementor-grid-laptop-2 elementor-grid-tablet-1 elementor-grid-3 elementor-grid-mobile-1 elementor-posts--thumbnail-top elementor-card-shadow-yes elementor-posts__hover-gradient elementor-widget elementor-widget-posts\" data-id=\"70b2f36\" data-element_type=\"widget\" data-e-type=\"widget\" data-settings=\"{&quot;cards_columns_laptop&quot;:&quot;2&quot;,&quot;cards_columns_tablet&quot;:&quot;1&quot;,&quot;cards_columns&quot;:&quot;3&quot;,&quot;cards_columns_mobile&quot;:&quot;1&quot;,&quot;cards_row_gap&quot;:{&quot;unit&quot;:&quot;px&quot;,&quot;size&quot;:35,&quot;sizes&quot;:[]},&quot;cards_row_gap_laptop&quot;:{&quot;unit&quot;:&quot;px&quot;,&quot;size&quot;:&quot;&quot;,&quot;sizes&quot;:[]},&quot;cards_row_gap_tablet&quot;:{&quot;unit&quot;:&quot;px&quot;,&quot;size&quot;:&quot;&quot;,&quot;sizes&quot;:[]},&quot;cards_row_gap_mobile&quot;:{&quot;unit&quot;:&quot;px&quot;,&quot;size&quot;:&quot;&quot;,&quot;sizes&quot;:[]}}\" data-widget_type=\"posts.cards\">\n\t\t\t\t<div class=\"elementor-widget-container\">\n\t\t\t\t\t\t\t<div class=\"elementor-posts-container elementor-posts elementor-posts--skin-cards elementor-grid\" role=\"list\">\n\t\t\t\t<article class=\"elementor-post elementor-grid-item post-9798 post type-post status-publish format-standard hentry\" role=\"listitem\">\n\t\t\t<div class=\"elementor-post__card\">\n\t\t\t\t<div class=\"elementor-post__text\">\n\t\t\t\t<h3 class=\"elementor-post__title\">\n\t\t\t<a href=\"https:\/\/demo8.netwizarddesign.com.au\/tas\/how-to-bet-on-the-nba-finals-key-matchup-analysis\/\" >\n\t\t\t\tHow to Bet on the NBA Finals: Key Matchup Analysis\t\t\t<\/a>\n\t\t<\/h3>\n\t\t\t\t<div class=\"elementor-post__excerpt\">\n\t\t\t<p>Zeroing In on the Winners Look: the championship isn\u2019t decided by a single shot; it\u2019s a chess game of rotations, matchups, and split\u2011second adjustments. If you treat every possession like<\/p>\n\t\t<\/div>\n\t\t\n\t\t<a class=\"elementor-post__read-more\" href=\"https:\/\/demo8.netwizarddesign.com.au\/tas\/how-to-bet-on-the-nba-finals-key-matchup-analysis\/\" aria-label=\"Read more about How to Bet on the NBA Finals: Key Matchup Analysis\" tabindex=\"-1\" >\n\t\t\tRead More \u00bb\t\t<\/a>\n\n\t\t\t\t<\/div>\n\t\t\t\t<div class=\"elementor-post__meta-data\">\n\t\t\t\t\t<span class=\"elementor-post-date\">\n\t\t\tMarch 27, 2026\t\t<\/span>\n\t\t\t\t<\/div>\n\t\t\t\t\t<\/div>\n\t\t<\/article>\n\t\t\t\t<article class=\"elementor-post elementor-grid-item post-9799 post type-post status-publish format-standard hentry\" role=\"listitem\">\n\t\t\t<div class=\"elementor-post__card\">\n\t\t\t\t<div class=\"elementor-post__text\">\n\t\t\t\t<h3 class=\"elementor-post__title\">\n\t\t\t<a href=\"https:\/\/demo8.netwizarddesign.com.au\/tas\/influencia-de-los-coordinadores-ofensivos-en-el-exito-de-las-apuestas\/\" >\n\t\t\t\tInfluencia de los coordinadores ofensivos en el \u00e9xito de las apuestas\t\t\t<\/a>\n\t\t<\/h3>\n\t\t\t\t<div class=\"elementor-post__excerpt\">\n\t\t\t<p>El factor oculto que los bookmakers rara vez consideran Los n\u00fameros no mienten, pero la gente que dise\u00f1a esas cifras s\u00ed lo hace. Cuando un coordinador ofensivo cambia de esquema,<\/p>\n\t\t<\/div>\n\t\t\n\t\t<a class=\"elementor-post__read-more\" href=\"https:\/\/demo8.netwizarddesign.com.au\/tas\/influencia-de-los-coordinadores-ofensivos-en-el-exito-de-las-apuestas\/\" aria-label=\"Read more about Influencia de los coordinadores ofensivos en el \u00e9xito de las apuestas\" tabindex=\"-1\" >\n\t\t\tRead More \u00bb\t\t<\/a>\n\n\t\t\t\t<\/div>\n\t\t\t\t<div class=\"elementor-post__meta-data\">\n\t\t\t\t\t<span class=\"elementor-post-date\">\n\t\t\tMarch 27, 2026\t\t<\/span>\n\t\t\t\t<\/div>\n\t\t\t\t\t<\/div>\n\t\t<\/article>\n\t\t\t\t<article class=\"elementor-post elementor-grid-item post-2746 post type-post status-publish format-standard has-post-thumbnail hentry category-blog\" role=\"listitem\">\n\t\t\t<div class=\"elementor-post__card\">\n\t\t\t\t<a class=\"elementor-post__thumbnail__link\" href=\"https:\/\/demo8.netwizarddesign.com.au\/tas\/celebrating-tradies-national-health-month-august\/\" tabindex=\"-1\" ><div class=\"elementor-post__thumbnail\"><img fetchpriority=\"high\" decoding=\"async\" width=\"1270\" height=\"847\" src=\"https:\/\/demo8.netwizarddesign.com.au\/tas\/wp-content\/uploads\/2025\/08\/Sample-Blog.webp\" class=\"attachment-full size-full wp-image-3048\" alt=\"\" srcset=\"https:\/\/demo8.netwizarddesign.com.au\/tas\/wp-content\/uploads\/2025\/08\/Sample-Blog.webp 1270w, https:\/\/demo8.netwizarddesign.com.au\/tas\/wp-content\/uploads\/2025\/08\/Sample-Blog-300x200.webp 300w, https:\/\/demo8.netwizarddesign.com.au\/tas\/wp-content\/uploads\/2025\/08\/Sample-Blog-1024x683.webp 1024w, https:\/\/demo8.netwizarddesign.com.au\/tas\/wp-content\/uploads\/2025\/08\/Sample-Blog-768x512.webp 768w\" sizes=\"(max-width: 1270px) 100vw, 1270px\" \/><\/div><\/a>\n\t\t\t\t<div class=\"elementor-post__text\">\n\t\t\t\t<h3 class=\"elementor-post__title\">\n\t\t\t<a href=\"https:\/\/demo8.netwizarddesign.com.au\/tas\/celebrating-tradies-national-health-month-august\/\" >\n\t\t\t\tCelebrating Tradies National Health Month \u2013 August\t\t\t<\/a>\n\t\t<\/h3>\n\t\t\t\t<div class=\"elementor-post__excerpt\">\n\t\t\t<p>Key Tradie awareness dates: Tradies National Health Month: August 2025 National Tradies Day: Friday, 19 September 2025 Marine infrastructure, such as wharves, jetties, breakwalls, bridges, piling and dredging, underpins coastal<\/p>\n\t\t<\/div>\n\t\t\n\t\t<a class=\"elementor-post__read-more\" href=\"https:\/\/demo8.netwizarddesign.com.au\/tas\/celebrating-tradies-national-health-month-august\/\" aria-label=\"Read more about Celebrating Tradies National Health Month \u2013 August\" tabindex=\"-1\" >\n\t\t\tRead More \u00bb\t\t<\/a>\n\n\t\t\t\t<\/div>\n\t\t\t\t<div class=\"elementor-post__meta-data\">\n\t\t\t\t\t<span class=\"elementor-post-date\">\n\t\t\tAugust 1, 2025\t\t<\/span>\n\t\t\t\t<\/div>\n\t\t\t\t\t<\/div>\n\t\t<\/article>\n\t\t\t\t<\/div>\n\t\t\n\t\t\t\t\t\t<\/div>\n\t\t\t\t<\/div>\n\t\t\t\t<\/div>\n\t\t\t\t<\/div>\n\t\t\t\t<\/div>\n\t\t","protected":false},"excerpt":{"rendered":"","protected":false},"author":1,"featured_media":2459,"parent":0,"menu_order":0,"comment_status":"closed","ping_status":"closed","template":"elementor_header_footer","meta":{"_acf_changed":false,"footnotes":""},"class_list":["post-1841","page","type-page","status-publish","has-post-thumbnail","hentry"],"acf":[],"aioseo_notices":[],"_links":{"self":[{"href":"https:\/\/demo8.netwizarddesign.com.au\/tas\/wp-json\/wp\/v2\/pages\/1841","targetHints":{"allow":["GET"]}}],"collection":[{"href":"https:\/\/demo8.netwizarddesign.com.au\/tas\/wp-json\/wp\/v2\/pages"}],"about":[{"href":"https:\/\/demo8.netwizarddesign.com.au\/tas\/wp-json\/wp\/v2\/types\/page"}],"author":[{"embeddable":true,"href":"https:\/\/demo8.netwizarddesign.com.au\/tas\/wp-json\/wp\/v2\/users\/1"}],"replies":[{"embeddable":true,"href":"https:\/\/demo8.netwizarddesign.com.au\/tas\/wp-json\/wp\/v2\/comments?post=1841"}],"version-history":[{"count":44,"href":"https:\/\/demo8.netwizarddesign.com.au\/tas\/wp-json\/wp\/v2\/pages\/1841\/revisions"}],"predecessor-version":[{"id":3044,"href":"https:\/\/demo8.netwizarddesign.com.au\/tas\/wp-json\/wp\/v2\/pages\/1841\/revisions\/3044"}],"wp:featuredmedia":[{"embeddable":true,"href":"https:\/\/demo8.netwizarddesign.com.au\/tas\/wp-json\/wp\/v2\/media\/2459"}],"wp:attachment":[{"href":"https:\/\/demo8.netwizarddesign.com.au\/tas\/wp-json\/wp\/v2\/media?parent=1841"}],"curies":[{"name":"wp","href":"https:\/\/api.w.org\/{rel}","templated":true}]}}